{"id":692,"date":"2024-06-26T12:31:04","date_gmt":"2024-06-26T12:31:04","guid":{"rendered":"https:\/\/a-logistics-crew.com\/?page_id=692"},"modified":"2025-05-21T13:34:23","modified_gmt":"2025-05-21T13:34:23","slug":"welcome-2","status":"publish","type":"page","link":"https:\/\/a-logistics-crew.com\/at\/welcome-2\/","title":{"rendered":"Welcome"},"content":{"rendered":"<div class=\"gb-container gb-container-1cb515f0\">\n<div class=\"gb-container gb-container-2cbf7f13\">\n\n<figure class=\"gb-block-image gb-block-image-42e60494\"><img decoding=\"async\" class=\"gb-image gb-image-42e60494\" src=\"https:\/\/a-logistics-crew.com\/wp-content\/uploads\/a-logistics-crew-logo.svg\" alt=\"a logistics crew\" title=\"a logistics crew\"\/><\/figure>\n\n\n\n<div class=\"gb-headline gb-headline-bb7c5498 gb-headline-text\">a logistics crew &#8211; Staffpool GmbH<br>K\u00e4rntner Ring 5-7, Stock 7, 1010 Wien<br>Gesch\u00e4ftsf\u00fchrer: Martin Haumer<\/div>\n\n\n\n<div class=\"gb-headline gb-headline-94621570 gb-headline-text\"><a href=\"tel:+436602677949\"><strong>+43 660 2677 949<\/strong><\/a><\/div>\n\n<\/div>\n<\/div>","protected":false},"excerpt":{"rendered":"<p>a logistics crew &#8211; Staffpool GmbHK\u00e4rntner Ring 5-7, Stock 7, 1010 WienGesch\u00e4ftsf\u00fchrer: Martin Haumer +43 660 2677 949<\/p>\n","protected":false},"author":1,"featured_media":0,"parent":0,"menu_order":0,"comment_status":"closed","ping_status":"closed","template":"","meta":{"footnotes":""},"class_list":["post-692","page","type-page","status-publish"],"_links":{"self":[{"href":"https:\/\/a-logistics-crew.com\/at\/wp-json\/wp\/v2\/pages\/692","targetHints":{"allow":["GET"]}}],"collection":[{"href":"https:\/\/a-logistics-crew.com\/at\/wp-json\/wp\/v2\/pages"}],"about":[{"href":"https:\/\/a-logistics-crew.com\/at\/wp-json\/wp\/v2\/types\/page"}],"author":[{"embeddable":true,"href":"https:\/\/a-logistics-crew.com\/at\/wp-json\/wp\/v2\/users\/1"}],"replies":[{"embeddable":true,"href":"https:\/\/a-logistics-crew.com\/at\/wp-json\/wp\/v2\/comments?post=692"}],"version-history":[{"count":1,"href":"https:\/\/a-logistics-crew.com\/at\/wp-json\/wp\/v2\/pages\/692\/revisions"}],"predecessor-version":[{"id":693,"href":"https:\/\/a-logistics-crew.com\/at\/wp-json\/wp\/v2\/pages\/692\/revisions\/693"}],"wp:attachment":[{"href":"https:\/\/a-logistics-crew.com\/at\/wp-json\/wp\/v2\/media?parent=692"}],"curies":[{"name":"wp","href":"https:\/\/api.w.org\/{rel}","templated":true}]}}